{"id":116,"date":"2022-05-02T10:45:01","date_gmt":"2022-05-02T10:45:01","guid":{"rendered":"https:\/\/vsbromberg.ac.at\/?page_id=116"},"modified":"2023-11-30T07:57:55","modified_gmt":"2023-11-30T07:57:55","slug":"foerderkonzept","status":"publish","type":"page","link":"https:\/\/vsbromberg.ac.at\/?page_id=116","title":{"rendered":"F\u00f6rderkonzept"},"content":{"rendered":"\n<p>Standortbezogenes F\u00f6rderkonzept der Volksschule Bromberg<br>Stand 30.11.2023<br><\/p>\n\n\n\n<p>Grundsatz:<br>Das bew\u00e4hrte Motto der Volksschule Bromberg lautet<br><\/p>\n\n\n\n<p class=\"has-text-align-center\">\u201eUNSER SCHWERPUNKT IST DIE VIELFALT\u201c.<br><\/p>\n\n\n\n<p>Dementsprechend weit und umfassend wird an unserer Schule auch der Begriff \u201eF\u00d6RDERUNG\u201c ausgelegt, wie das folgende Konzept zum Ausdruck bringen soll.<br><\/p>\n\n\n\n<p><em>\uf0b7 F\u00d6RDERUNG durch innere Differenzierung im Unterricht:<\/em><br>Schnelle und gute Sch\u00fclerInnen bekommen umfangreichere bzw. schwierigere Aufgaben zu l\u00f6sen &#8211; Verwendung von Schulb\u00fcchern und Unterrichtsmitteln, die diese innere Gliederung erleichtern.<br>Besonderes Augenmerk auf die Lehrplanforderung \u201eSelbstt\u00e4tigkeit\u201c in Verbindung mit Selbstkontrolle in Form von Einzel-, Partner- und Gruppenarbeit, vor allem der guten Sch\u00fcler, w\u00e4hrend sich die unterrichtende Lehrperson durch besondere pers\u00f6nliche Zuwendung um die Lernschw\u00e4cheren k\u00fcmmert.<br><\/p>\n\n\n\n<p><em>\uf0b7 F\u00d6RDERUNG der Sch\u00fcler mit nichtdeutscher Muttersprache:<\/em><br>Anschaffung und Einsatz spezieller Lehrmittel f\u00fcr Deutsch als Zweitsprache<br>Helfersystem \u2013 siehe dort<br>Deutschf\u00f6rderkurse an der Schule f\u00fcr Kinder mit nicht-deutscher Muttersprache<br><\/p>\n\n\n\n<p><em>\uf0b7 F\u00d6RDERUNG durch Zusammenarbeit mit au\u00dferschulischen Personen \/Institutionen:<\/em><br>+Zusammenarbeit mit ehemaligen Sch\u00fclerInnen unserer Schule, die mittlerweile selbst als  Kinderpsycholog\/in bzw. Sonderp\u00e4dagog\/in t\u00e4tig sind und ihre Hilfe anbieten.<br>+Zusammenarbeit mit diversen therapeutischen Einrichtungen in Wr.Neustadt und  Neunkirchen<br>+Einbinden der Beratungslehrer\/in der Bildungsregion ins Schulgeschehen, vor allem bei Verhaltensauff\u00e4lligkeiten und der Schulpsychologen<br><br><em>\uf0b7 F\u00d6RDERUNG im Rahmen der organisatorischen Unterrichtsgestaltung:<\/em><br>Einsatz der im Lehrplan vorgesehenen Unterrichtsformen wie Projektarbeit, offenes Lernen \u2026. in Abstimmung mit den Voraussetzungen in den einzelnen Klassen<br><strong>Helfersystem:<\/strong><br>-Gute helfen Schwachen<br>-Schnelle helfen Langsamen<br>-\u00c4ltere helfen J\u00fcngeren (Abteilungsunterricht, Geschwister)<br>-Deutsch Sprechende helfen Fremdsprachigen<br>-Unterrichten\/Lernen nach Tages-\/ Wochenpl\u00e4nen<br>-Buchstaben- und andere Projekttage unter Einbeziehung der Eltern<br>-Aussch\u00f6pfung des Kontingents an Lehrausg\u00e4ngen, Wandertagen, Exkursionen\u2026 zur Begegnung und Auseinandersetzung mit dem realen Leben au\u00dferhalb der Schule und nach der Schulzeit<br><\/p>\n\n\n\n<p><em>\uf0b7 F\u00d6RDERUNG der ganzheitlichen Pers\u00f6nlichkeitsentwicklung:<\/em><br>*Einsatz von gezieltem, effektivem Lob als Erziehungsmittel zur Motivations- und Leistungssteigerung<br>*Auch geringste positive Leistungen hervorheben \u2013 positive Best\u00e4rkung!<br>*Mangelnde Leistungsbereitschaft nicht mit mangelnder Leistungsf\u00e4higkeit verwechseln \u2013 \u00fcberforderte Kinder werden in der Regel verhaltensauff\u00e4llig.<br>*Den Kindern bewusstmachen, dass Fehler dazu da sind, um daraus zu lernen.<br>*Schaffung eines angstfreien Arbeitsklimas<br>*Aufbau von Selbstsicherheit und Selbstvertrauen durch gezielte Methoden wie Entspannungs\u00fcbungen, Rollen- spiele u.dgl.<br>*Immer alle Sinne ansprechen mit dem Ziel einer ganzheitlichen Pers\u00f6nlichkeitsentwicklung<br>*Teilnahme an musikalischen, bildnerischen, sportlichen Wettbewerben und \u00e4hnlichen Veranstaltungen als Vorbereitung auf die nach der Schule im Leben drau\u00dfen wartenden Konkurrenzsituationen und Herausforderungen.<br>*Enge Zusammenarbeit mit der \u00f6rtlichen Musikschule sowie mit Vereinen wie der Singgemeinschaft oder den Sportvereinen<br>*Integration der Schule im \u00f6rtlichen Veranstaltungswesen in Form der Mitgestaltung diverser Feste, Feiern, Jubil\u00e4en<br>*Workshops in Zusammenarbeit mit K\u00fcnstlern, Sportlern, Artisten, Fachleuten auf diversen Gebieten<br>*Ausstellungen von Werken \u00f6rtlicher und regionaler K\u00fcnstler im Schulgeb\u00e4ude \u2013 Miteinbeziehung in den Unterricht<br>*Fahrt ins Stadttheater Wr. Neustadt, Theaterauff\u00fchrungen an der Schule<br>*Entwicklung und Sch\u00e4rfung eines sozialen Gewissens durch Teilnahme an sozialen Hilfsprojekten (z.B. Albanienhilfe), Durchf\u00fchrung von Sammlungen und von Aktivit\u00e4ten im Rahmen des JRK sowie besonders auch im Religionsunterricht<br><\/p>\n\n\n\n<p><em>\uf0b7 F\u00d6RDERUNG durch exemplarische Lernstoff- und Lehrmittelauswahl:<\/em><br>Mut zur L\u00fccke \u2013 Lernstoff ausw\u00e4hlen nach dem Motto: Was brauchen meine Kinder besonders, jetzt und im Leben drau\u00dfen? Das muss dann \u201esitzen\u201c, daf\u00fcr weniger Wesentliches weglassen.<br>Gezielter, bewusster Einsatz der reichhaltigen Lehr- und Lernmittelsammlung zu den verschiedensten Unterrichtsgegenst\u00e4nden und \u2013prinzipien<br><\/p>\n\n\n\n<p><em>\uf0b7 F\u00d6RDERUNG in der Stundentafel:<\/em><br>Expliziter F\u00f6rderunterricht (0.\/5.Stunde) laut Lehrplan in den Teilbereichen<br>Deutsch\/Lesen allgemein<br>Lesen\/Rechtschreiben\/Rechnen speziell<br>Mathematik<br>Deutsch f\u00fcr Sch\u00fcler mit nicht deutscher Muttersprache<br>Sprachheilkurs<br>Verbindliche \u00dcbungen Englisch und Verkehrserziehung<br>Unverbindliche \u00dcbungen IBF-Chorgesang und Informatik<\/p>\n\n\n\n<p><br><em>\uf0b7 F\u00d6RDERUNG im Rahmen des Schwerpunktes Lesen:<\/em><br>Lesestandards: regelm\u00e4\u00dfige \u00dcberpr\u00fcfung (SLS)<br>Einsatz der umfangreichen Sch\u00fclerb\u00fccherei<br>(ca. 800 B\u00fccher)<br>Verwendung verschiedener Leseb\u00fccher (durch Wiederverwendung \u00fcber mehrere Jahre und j\u00e4hrlichen Wechsel bei der B\u00fccherbestellung)<br>Lesenacht<br>Lesen im Schulgarten<br>Einsatz der Sch\u00fclerzeitschriften von Jung\u00f6sterreich und Buchklub<br>Inanspruchnahme von weiteren Angeboten dieser Verlage<br>Vorlesen von Eltern bzw. Gro\u00dfeltern<br>Vorlesen im Kindergarten<br><\/p>\n\n\n\n<p><em>\uf0b7 F\u00d6RDERUNG der Hochbegabten:<\/em><br>Stichhaltige Feststellung, ob wirklich Hochbegabung vorliegt, durch entsprechend ausgebildete Personen<br>Ermunterung der Eltern, daf\u00fcr in Frage kommende Kinder in entsprechende Sommerseminare zu schicken<br>\u00dcberspringen von Schulstufen<br>Besonderer Einsatz hochbegabter Sch\u00fclerInnen im Rahmen des oben erl\u00e4uterten Helfersystems<br>Den Unterricht f\u00fcr Hochbegabte \u201eherausfordernd\u201c gestalten \u2013 sie sollen zeigen d\u00fcrfen, was sie k\u00f6nnen!<\/p>\n","protected":false},"excerpt":{"rendered":"<p>Standortbezogenes F\u00f6rderkonzept der Volksschule BrombergStand 30.11.2023 Grundsatz:Das bew\u00e4hrte Motto der Volksschule Bromberg lautet \u201eUNSER SCHWERPUNKT IST DIE VIELFALT\u201c. Dementsprechend weit und umfassend wird an unserer Schule auch der Begriff \u201eF\u00d6RDERUNG\u201c ausgelegt, wie das folgende Konzept zum Ausdruck bringen soll. \uf0b7 F\u00d6RDERUNG durch innere Differenzierung im Unterricht:Schnelle und gute Sch\u00fclerInnen bekommen umfangreichere bzw. schwierigere Aufgaben zu &hellip; <a href=\"https:\/\/vsbromberg.ac.at\/?page_id=116\" class=\"more-link\"><span class=\"screen-reader-text\">F\u00f6rderkonzept<\/span> weiterlesen <span class=\"meta-nav\">&rarr;<\/span><\/a><\/p>\n","protected":false},"author":1,"featured_media":0,"parent":0,"menu_order":0,"comment_status":"closed","ping_status":"closed","template":"","meta":{"footnotes":""},"class_list":["post-116","page","type-page","status-publish","hentry"],"_links":{"self":[{"href":"https:\/\/vsbromberg.ac.at\/index.php?rest_route=\/wp\/v2\/pages\/116","targetHints":{"allow":["GET"]}}],"collection":[{"href":"https:\/\/vsbromberg.ac.at\/index.php?rest_route=\/wp\/v2\/pages"}],"about":[{"href":"https:\/\/vsbromberg.ac.at\/index.php?rest_route=\/wp\/v2\/types\/page"}],"author":[{"embeddable":true,"href":"https:\/\/vsbromberg.ac.at\/index.php?rest_route=\/wp\/v2\/users\/1"}],"replies":[{"embeddable":true,"href":"https:\/\/vsbromberg.ac.at\/index.php?rest_route=%2Fwp%2Fv2%2Fcomments&post=116"}],"version-history":[{"count":4,"href":"https:\/\/vsbromberg.ac.at\/index.php?rest_route=\/wp\/v2\/pages\/116\/revisions"}],"predecessor-version":[{"id":720,"href":"https:\/\/vsbromberg.ac.at\/index.php?rest_route=\/wp\/v2\/pages\/116\/revisions\/720"}],"wp:attachment":[{"href":"https:\/\/vsbromberg.ac.at\/index.php?rest_route=%2Fwp%2Fv2%2Fmedia&parent=116"}],"curies":[{"name":"wp","href":"https:\/\/api.w.org\/{rel}","templated":true}]}}